{"id":2217,"date":"2020-06-06T20:11:58","date_gmt":"2020-06-06T20:11:58","guid":{"rendered":"https:\/\/otroska-igrala.si\/2019\/?post_type=product&#038;p=2217"},"modified":"2023-05-11T15:02:59","modified_gmt":"2023-05-11T15:02:59","slug":"podloga-proti-poskodbam-4-cm","status":"publish","type":"product","link":"https:\/\/otroska-igrala.si\/2019\/izdelek\/podloga-proti-poskodbam-4-cm\/","title":{"rendered":"Podloga proti po\u0161kodbam 4 cm"},"content":{"rendered":"<p>Gumijaste plo\u0161\u010de za za\u0161\u010dito pri padcih debeline 4 cm. Podloge so certificirane za vi\u0161ino padca 130 cm. Izdelane so iz recikliranih avtomobilskih gum, katerim je dodano barvilo. Na zalogi o\u0161e\u010dnata barva plo\u0161\u010d dimenzij 50&#215;50 cm. Plo\u0161\u010de se s pomo\u010djo stranskih klinov sestavljajo v poljubne povr\u0161ine. Vsaka plo\u0161\u010da ima mo\u017enost pritrjevanja z 8-imi klini. Cena je za 1 kos plo\u0161\u010de velikosti 50&#215;50 cm.<\/p>\n<style type=\"text\/css\">\r\n\t\t\t\t#gallery-1 {\r\n\t\t\t\t\tmargin: auto;\r\n\t\t\t\t}\r\n\t\t\t\t#gallery-1 .gallery-item {\r\n\t\t\t\t\tfloat: left;\r\n\t\t\t\t\tmargin-top: 10px;\r\n\t\t\t\t\ttext-align: center;\r\n\t\t\t\t\twidth: 33%;\r\n\t\t\t\t}\r\n\t\t\t\t#gallery-1 .gallery-caption {\r\n\t\t\t\t\tmargin-left: 0;\r\n\t\t\t\t}\r\n\t\t\t<\/style><!-- see gallery_shortcode() in wp-includes\/media.php -->\r\n\t\t\t\n\t\t<div id=\"gallery-1\" class=\"gallery galleryid-2217 mfp-gallery mfp-gallery--images gallery-columns-3 gallery-size-thumbnail\"><div class=\"row zn_image_gallery \"><div class=\"col-sm-6 col-md-4 col-lg-4\"><a href=\"https:\/\/otroska-igrala.si\/2019\/wp-content\/uploads\/2020\/06\/podloge.jpg\" title=\"\" class=\"hoverBorder\"><img loading=\"lazy\" decoding=\"async\" width=\"150\" height=\"150\" src=\"https:\/\/otroska-igrala.si\/2019\/wp-content\/uploads\/2020\/06\/podloge-150x150.jpg\" class=\"attachment-thumbnail size-thumbnail\" alt=\"\" ids=\"2222,2218,2219\" orderby=\"post__in\" include=\"2222,2218,2219\" srcset=\"https:\/\/otroska-igrala.si\/2019\/wp-content\/uploads\/2020\/06\/podloge-150x150.jpg 150w, https:\/\/otroska-igrala.si\/2019\/wp-content\/uploads\/2020\/06\/podloge-300x300.jpg 300w, https:\/\/otroska-igrala.si\/2019\/wp-content\/uploads\/2020\/06\/podloge-100x100.jpg 100w\" sizes=\"auto, (max-width: 150px) 100vw, 150px\" \/><span class=\"gallery_caption\"><\/span><\/a><\/div><div class=\"col-sm-6 col-md-4 col-lg-4\"><a href=\"https:\/\/otroska-igrala.si\/2019\/wp-content\/uploads\/2020\/06\/723.jpg\" title=\"\" class=\"hoverBorder\"><img loading=\"lazy\" decoding=\"async\" width=\"150\" height=\"150\" src=\"https:\/\/otroska-igrala.si\/2019\/wp-content\/uploads\/2020\/06\/723-150x150.jpg\" class=\"attachment-thumbnail size-thumbnail\" alt=\"\" ids=\"2222,2218,2219\" orderby=\"post__in\" include=\"2222,2218,2219\" srcset=\"https:\/\/otroska-igrala.si\/2019\/wp-content\/uploads\/2020\/06\/723-150x150.jpg 150w, https:\/\/otroska-igrala.si\/2019\/wp-content\/uploads\/2020\/06\/723-300x300.jpg 300w, https:\/\/otroska-igrala.si\/2019\/wp-content\/uploads\/2020\/06\/723-100x100.jpg 100w\" sizes=\"auto, (max-width: 150px) 100vw, 150px\" \/><span class=\"gallery_caption\"><\/span><\/a><\/div><div class=\"col-sm-6 col-md-4 col-lg-4\"><a href=\"https:\/\/otroska-igrala.si\/2019\/wp-content\/uploads\/2020\/06\/g500.jpg\" title=\"\" class=\"hoverBorder\"><img loading=\"lazy\" decoding=\"async\" width=\"150\" height=\"150\" src=\"https:\/\/otroska-igrala.si\/2019\/wp-content\/uploads\/2020\/06\/g500-150x150.jpg\" class=\"attachment-thumbnail size-thumbnail\" alt=\"\" ids=\"2222,2218,2219\" orderby=\"post__in\" include=\"2222,2218,2219\" srcset=\"https:\/\/otroska-igrala.si\/2019\/wp-content\/uploads\/2020\/06\/g500-150x150.jpg 150w, https:\/\/otroska-igrala.si\/2019\/wp-content\/uploads\/2020\/06\/g500-300x300.jpg 300w, https:\/\/otroska-igrala.si\/2019\/wp-content\/uploads\/2020\/06\/g500-100x100.jpg 100w\" sizes=\"auto, (max-width: 150px) 100vw, 150px\" \/><span class=\"gallery_caption\"><\/span><\/a><\/div><\/div><\/div>\n<p>&nbsp;<\/p>\n","protected":false},"excerpt":{"rendered":"<p>Gumijaste plo\u0161\u010de za za\u0161\u010dito pri padcih debeline 4 cm. Podloge so certificirane za vi\u0161ino padca 130 cm. Izdelane so iz recikliranih avtomobilskih gum, katerim je dodano barvilo. Na zalogi o\u0161e\u010dnata barva plo\u0161\u010d dimenzij 50&#215;50 cm. Plo\u0161\u010de se s pomo\u010djo stranskih klinov sestavljajo v poljubne povr\u0161ine. Vsaka plo\u0161\u010da ima mo\u017enost pritrjevanja z 8-imi klini. Cena je<\/p>\n","protected":false},"featured_media":2222,"template":"","meta":[],"product_brand":[],"product_cat":[524],"product_tag":[],"class_list":{"0":"post-2217","1":"product","2":"type-product","3":"status-publish","4":"has-post-thumbnail","6":"product_cat-podloge-proti-poskodbam","7":"product_shipping_class-tobogani","9":"first","10":"instock","11":"taxable","12":"shipping-taxable","13":"purchasable","14":"product-type-simple","15":"prodpage-style2"},"_links":{"self":[{"href":"https:\/\/otroska-igrala.si\/2019\/wp-json\/wp\/v2\/product\/2217","targetHints":{"allow":["GET"]}}],"collection":[{"href":"https:\/\/otroska-igrala.si\/2019\/wp-json\/wp\/v2\/product"}],"about":[{"href":"https:\/\/otroska-igrala.si\/2019\/wp-json\/wp\/v2\/types\/product"}],"wp:featuredmedia":[{"embeddable":true,"href":"https:\/\/otroska-igrala.si\/2019\/wp-json\/wp\/v2\/media\/2222"}],"wp:attachment":[{"href":"https:\/\/otroska-igrala.si\/2019\/wp-json\/wp\/v2\/media?parent=2217"}],"wp:term":[{"taxonomy":"product_brand","embeddable":true,"href":"https:\/\/otroska-igrala.si\/2019\/wp-json\/wp\/v2\/product_brand?post=2217"},{"taxonomy":"product_cat","embeddable":true,"href":"https:\/\/otroska-igrala.si\/2019\/wp-json\/wp\/v2\/product_cat?post=2217"},{"taxonomy":"product_tag","embeddable":true,"href":"https:\/\/otroska-igrala.si\/2019\/wp-json\/wp\/v2\/product_tag?post=2217"}],"curies":[{"name":"wp","href":"https:\/\/api.w.org\/{rel}","templated":true}]}}