{"id":2196,"date":"2020-06-05T19:46:30","date_gmt":"2020-06-05T19:46:30","guid":{"rendered":"https:\/\/otroska-igrala.si\/2019\/?post_type=product&#038;p=2196"},"modified":"2020-06-05T19:53:49","modified_gmt":"2020-06-05T19:53:49","slug":"povezovalec-vrvi","status":"publish","type":"product","link":"https:\/\/otroska-igrala.si\/2019\/izdelek\/povezovalec-vrvi\/","title":{"rendered":"Povezovalec vrvi"},"content":{"rendered":"<p>Vmesni povezovalec dveh vrvi za izdelavo plezalnih mre\u017e iz mo\u010dnega PVC materiala. Na zalogi v rde\u010di barvi. Primeren je za oja\u010dane vrvi premera 16 mm. Povezovalec je sestavljen iz dveh polovic, ki se ro\u010dno stisneta skupaj tako, da se zati\u010di zasko\u010dijo. Za pritrditev vrvi in oja\u010ditev spoja, se v povezovalec privija\u010di \u0161e vijak premera 42 in dol\u017eine 45mm.<\/p>\n<p>&nbsp;<\/p>\n<style type=\"text\/css\">\r\n\t\t\t\t#gallery-1 {\r\n\t\t\t\t\tmargin: auto;\r\n\t\t\t\t}\r\n\t\t\t\t#gallery-1 .gallery-item {\r\n\t\t\t\t\tfloat: left;\r\n\t\t\t\t\tmargin-top: 10px;\r\n\t\t\t\t\ttext-align: center;\r\n\t\t\t\t\twidth: 33%;\r\n\t\t\t\t}\r\n\t\t\t\t#gallery-1 .gallery-caption {\r\n\t\t\t\t\tmargin-left: 0;\r\n\t\t\t\t}\r\n\t\t\t<\/style><!-- see gallery_shortcode() in wp-includes\/media.php -->\r\n\t\t\t\n\t\t<div id=\"gallery-1\" class=\"gallery galleryid-2196 mfp-gallery mfp-gallery--images gallery-columns-3 gallery-size-thumbnail\"><div class=\"row zn_image_gallery \"><div class=\"col-sm-6 col-md-4 col-lg-4\"><a href=\"https:\/\/otroska-igrala.si\/2019\/wp-content\/uploads\/2020\/06\/povezovalec1.jpg\" title=\"\" class=\"hoverBorder\"><img loading=\"lazy\" decoding=\"async\" width=\"150\" height=\"150\" src=\"https:\/\/otroska-igrala.si\/2019\/wp-content\/uploads\/2020\/06\/povezovalec1-150x150.jpg\" class=\"attachment-thumbnail size-thumbnail\" alt=\"\" ids=\"2200,2199,2198,2197\" orderby=\"post__in\" include=\"2200,2199,2198,2197\" srcset=\"https:\/\/otroska-igrala.si\/2019\/wp-content\/uploads\/2020\/06\/povezovalec1-150x150.jpg 150w, https:\/\/otroska-igrala.si\/2019\/wp-content\/uploads\/2020\/06\/povezovalec1-300x300.jpg 300w, https:\/\/otroska-igrala.si\/2019\/wp-content\/uploads\/2020\/06\/povezovalec1-100x100.jpg 100w\" sizes=\"auto, (max-width: 150px) 100vw, 150px\" \/><span class=\"gallery_caption\"><\/span><\/a><\/div><div class=\"col-sm-6 col-md-4 col-lg-4\"><a href=\"https:\/\/otroska-igrala.si\/2019\/wp-content\/uploads\/2020\/06\/povezovalec2.jpg\" title=\"\" class=\"hoverBorder\"><img loading=\"lazy\" decoding=\"async\" width=\"150\" height=\"150\" src=\"https:\/\/otroska-igrala.si\/2019\/wp-content\/uploads\/2020\/06\/povezovalec2-150x150.jpg\" class=\"attachment-thumbnail size-thumbnail\" alt=\"\" ids=\"2200,2199,2198,2197\" orderby=\"post__in\" include=\"2200,2199,2198,2197\" srcset=\"https:\/\/otroska-igrala.si\/2019\/wp-content\/uploads\/2020\/06\/povezovalec2-150x150.jpg 150w, https:\/\/otroska-igrala.si\/2019\/wp-content\/uploads\/2020\/06\/povezovalec2-300x300.jpg 300w, https:\/\/otroska-igrala.si\/2019\/wp-content\/uploads\/2020\/06\/povezovalec2-100x100.jpg 100w\" sizes=\"auto, (max-width: 150px) 100vw, 150px\" \/><span class=\"gallery_caption\"><\/span><\/a><\/div><div class=\"col-sm-6 col-md-4 col-lg-4\"><a href=\"https:\/\/otroska-igrala.si\/2019\/wp-content\/uploads\/2020\/06\/povezovalec3.jpg\" title=\"\" class=\"hoverBorder\"><img loading=\"lazy\" decoding=\"async\" width=\"150\" height=\"150\" src=\"https:\/\/otroska-igrala.si\/2019\/wp-content\/uploads\/2020\/06\/povezovalec3-150x150.jpg\" class=\"attachment-thumbnail size-thumbnail\" alt=\"\" ids=\"2200,2199,2198,2197\" orderby=\"post__in\" include=\"2200,2199,2198,2197\" srcset=\"https:\/\/otroska-igrala.si\/2019\/wp-content\/uploads\/2020\/06\/povezovalec3-150x150.jpg 150w, https:\/\/otroska-igrala.si\/2019\/wp-content\/uploads\/2020\/06\/povezovalec3-300x300.jpg 300w, https:\/\/otroska-igrala.si\/2019\/wp-content\/uploads\/2020\/06\/povezovalec3-100x100.jpg 100w\" sizes=\"auto, (max-width: 150px) 100vw, 150px\" \/><span class=\"gallery_caption\"><\/span><\/a><\/div><\/div><div class=\"row zn_image_gallery \"><div class=\"col-sm-6 col-md-4 col-lg-4\"><a href=\"https:\/\/otroska-igrala.si\/2019\/wp-content\/uploads\/2020\/06\/povezovalec4.jpg\" title=\"\" class=\"hoverBorder\"><img loading=\"lazy\" decoding=\"async\" width=\"150\" height=\"150\" src=\"https:\/\/otroska-igrala.si\/2019\/wp-content\/uploads\/2020\/06\/povezovalec4-150x150.jpg\" class=\"attachment-thumbnail size-thumbnail\" alt=\"\" ids=\"2200,2199,2198,2197\" orderby=\"post__in\" include=\"2200,2199,2198,2197\" srcset=\"https:\/\/otroska-igrala.si\/2019\/wp-content\/uploads\/2020\/06\/povezovalec4-150x150.jpg 150w, https:\/\/otroska-igrala.si\/2019\/wp-content\/uploads\/2020\/06\/povezovalec4-300x300.jpg 300w, https:\/\/otroska-igrala.si\/2019\/wp-content\/uploads\/2020\/06\/povezovalec4-100x100.jpg 100w\" sizes=\"auto, (max-width: 150px) 100vw, 150px\" \/><span class=\"gallery_caption\"><\/span><\/a><\/div><\/div><\/div>\n<p>&nbsp;<\/p>\n","protected":false},"excerpt":{"rendered":"<p>Vmesni povezovalec dveh vrvi za izdelavo plezalnih mre\u017e iz mo\u010dnega PVC materiala. Na zalogi v rde\u010di barvi. Primeren je za oja\u010dane vrvi premera 16 mm. Povezovalec je sestavljen iz dveh polovic, ki se ro\u010dno stisneta skupaj tako, da se zati\u010di zasko\u010dijo. Za pritrditev vrvi in oja\u010ditev spoja, se v povezovalec privija\u010di \u0161e vijak premera 42<\/p>\n","protected":false},"featured_media":2197,"template":"","meta":[],"product_brand":[],"product_cat":[523],"product_tag":[],"class_list":{"0":"post-2196","1":"product","2":"type-product","3":"status-publish","4":"has-post-thumbnail","6":"product_cat-drugi-elementi","7":"product_shipping_class-enostavni-paketi","9":"first","10":"instock","11":"taxable","12":"shipping-taxable","13":"purchasable","14":"product-type-simple","15":"prodpage-style2"},"_links":{"self":[{"href":"https:\/\/otroska-igrala.si\/2019\/wp-json\/wp\/v2\/product\/2196","targetHints":{"allow":["GET"]}}],"collection":[{"href":"https:\/\/otroska-igrala.si\/2019\/wp-json\/wp\/v2\/product"}],"about":[{"href":"https:\/\/otroska-igrala.si\/2019\/wp-json\/wp\/v2\/types\/product"}],"wp:featuredmedia":[{"embeddable":true,"href":"https:\/\/otroska-igrala.si\/2019\/wp-json\/wp\/v2\/media\/2197"}],"wp:attachment":[{"href":"https:\/\/otroska-igrala.si\/2019\/wp-json\/wp\/v2\/media?parent=2196"}],"wp:term":[{"taxonomy":"product_brand","embeddable":true,"href":"https:\/\/otroska-igrala.si\/2019\/wp-json\/wp\/v2\/product_brand?post=2196"},{"taxonomy":"product_cat","embeddable":true,"href":"https:\/\/otroska-igrala.si\/2019\/wp-json\/wp\/v2\/product_cat?post=2196"},{"taxonomy":"product_tag","embeddable":true,"href":"https:\/\/otroska-igrala.si\/2019\/wp-json\/wp\/v2\/product_tag?post=2196"}],"curies":[{"name":"wp","href":"https:\/\/api.w.org\/{rel}","templated":true}]}}