{"id":2188,"date":"2020-06-05T18:53:32","date_gmt":"2020-06-05T18:53:32","guid":{"rendered":"https:\/\/otroska-igrala.si\/2019\/?post_type=product&#038;p=2188"},"modified":"2023-05-21T20:07:43","modified_gmt":"2023-05-21T20:07:43","slug":"obesalo-za-sedisce-z-vijakom","status":"publish","type":"product","link":"https:\/\/otroska-igrala.si\/2019\/izdelek\/obesalo-za-sedisce-z-vijakom\/","title":{"rendered":"Obe\u0161alo za sedi\u0161\u010de z vijakom"},"content":{"rendered":"<p>Obe\u0161alo je primerno tudi za sedi\u0161\u010da za javne povr\u0161ine. No voljo je razli\u010dica iz nerjave\u010dega jekla z le\u017eajem, brez vrtljive glave. Primerno za lesene konstrukcije. Obe\u0161alo se na pre\u010dko pritrjuje s sponskim vijakom M12x200 mm, ki je prilo\u017een obe\u0161alu. Primerno za verige s razmakom med \u010dleni 6 mm.<\/p>\n<p>&nbsp;<\/p>\n<style type=\"text\/css\">\r\n\t\t\t\t#gallery-1 {\r\n\t\t\t\t\tmargin: auto;\r\n\t\t\t\t}\r\n\t\t\t\t#gallery-1 .gallery-item {\r\n\t\t\t\t\tfloat: left;\r\n\t\t\t\t\tmargin-top: 10px;\r\n\t\t\t\t\ttext-align: center;\r\n\t\t\t\t\twidth: 33%;\r\n\t\t\t\t}\r\n\t\t\t\t#gallery-1 .gallery-caption {\r\n\t\t\t\t\tmargin-left: 0;\r\n\t\t\t\t}\r\n\t\t\t<\/style><!-- see gallery_shortcode() in wp-includes\/media.php -->\r\n\t\t\t\n\t\t<div id=\"gallery-1\" class=\"gallery galleryid-2188 mfp-gallery mfp-gallery--images gallery-columns-3 gallery-size-thumbnail\"><div class=\"row zn_image_gallery \"><div class=\"col-sm-6 col-md-4 col-lg-4\"><a href=\"https:\/\/otroska-igrala.si\/2019\/wp-content\/uploads\/2020\/06\/obesalo-3-1.jpg\" title=\"\" class=\"hoverBorder\"><img loading=\"lazy\" decoding=\"async\" width=\"150\" height=\"150\" src=\"https:\/\/otroska-igrala.si\/2019\/wp-content\/uploads\/2020\/06\/obesalo-3-1-150x150.jpg\" class=\"attachment-thumbnail size-thumbnail\" alt=\"\" ids=\"2190\" orderby=\"post__in\" include=\"2190\" srcset=\"https:\/\/otroska-igrala.si\/2019\/wp-content\/uploads\/2020\/06\/obesalo-3-1-150x150.jpg 150w, https:\/\/otroska-igrala.si\/2019\/wp-content\/uploads\/2020\/06\/obesalo-3-1-300x300.jpg 300w, https:\/\/otroska-igrala.si\/2019\/wp-content\/uploads\/2020\/06\/obesalo-3-1-100x100.jpg 100w\" sizes=\"auto, (max-width: 150px) 100vw, 150px\" \/><span class=\"gallery_caption\"><\/span><\/a><\/div><\/div><\/div>\n","protected":false},"excerpt":{"rendered":"<p>Obe\u0161alo je primerno tudi za sedi\u0161\u010da za javne povr\u0161ine. No voljo je razli\u010dica iz nerjave\u010dega jekla z le\u017eajem, brez vrtljive glave. Primerno za lesene konstrukcije. Obe\u0161alo se na pre\u010dko pritrjuje s sponskim vijakom M12x200 mm, ki je prilo\u017een obe\u0161alu. Primerno za verige s razmakom med \u010dleni 6 mm. &nbsp;<\/p>\n","protected":false},"featured_media":2190,"template":"","meta":[],"product_brand":[],"product_cat":[521],"product_tag":[],"class_list":{"0":"post-2188","1":"product","2":"type-product","3":"status-publish","4":"has-post-thumbnail","6":"product_cat-dodatki-za-gugalnice","7":"product_shipping_class-enostavni-paketi","9":"first","10":"instock","11":"taxable","12":"shipping-taxable","13":"purchasable","14":"product-type-simple","15":"prodpage-style2"},"_links":{"self":[{"href":"https:\/\/otroska-igrala.si\/2019\/wp-json\/wp\/v2\/product\/2188","targetHints":{"allow":["GET"]}}],"collection":[{"href":"https:\/\/otroska-igrala.si\/2019\/wp-json\/wp\/v2\/product"}],"about":[{"href":"https:\/\/otroska-igrala.si\/2019\/wp-json\/wp\/v2\/types\/product"}],"wp:featuredmedia":[{"embeddable":true,"href":"https:\/\/otroska-igrala.si\/2019\/wp-json\/wp\/v2\/media\/2190"}],"wp:attachment":[{"href":"https:\/\/otroska-igrala.si\/2019\/wp-json\/wp\/v2\/media?parent=2188"}],"wp:term":[{"taxonomy":"product_brand","embeddable":true,"href":"https:\/\/otroska-igrala.si\/2019\/wp-json\/wp\/v2\/product_brand?post=2188"},{"taxonomy":"product_cat","embeddable":true,"href":"https:\/\/otroska-igrala.si\/2019\/wp-json\/wp\/v2\/product_cat?post=2188"},{"taxonomy":"product_tag","embeddable":true,"href":"https:\/\/otroska-igrala.si\/2019\/wp-json\/wp\/v2\/product_tag?post=2188"}],"curies":[{"name":"wp","href":"https:\/\/api.w.org\/{rel}","templated":true}]}}