{"id":2184,"date":"2020-06-05T17:27:29","date_gmt":"2020-06-05T17:27:29","guid":{"rendered":"https:\/\/otroska-igrala.si\/2019\/?post_type=product&#038;p=2184"},"modified":"2020-06-05T18:52:56","modified_gmt":"2020-06-05T18:52:56","slug":"obesalo-za-gugalnice-2","status":"publish","type":"product","link":"https:\/\/otroska-igrala.si\/2019\/izdelek\/obesalo-za-gugalnice-2\/","title":{"rendered":"Obe\u0161alo za sedi\u0161\u010de 2"},"content":{"rendered":"<p>Obe\u0161alo je primerno tudi za sedi\u0161\u010da za javne povr\u0161ine. No voljo je razli\u010dica iz nerjave\u010dega jekla z le\u017eajem, brez vrtljive glave. Obe\u0161alo se pritrjuje na predpripravljena le\u017ei\u0161\u010da z vijakom M8 ustrezne dol\u017eine, ki ni prilo\u017een obe\u0161alu.<\/p>\n<p>Dimenzije: A &#8211; 15mm, B &#8211; 20 mm, C &#8211; 35 mm, D &#8211; 9 mm, E &#8211; 25 mm<\/p>\n<style type=\"text\/css\">\r\n\t\t\t\t#gallery-1 {\r\n\t\t\t\t\tmargin: auto;\r\n\t\t\t\t}\r\n\t\t\t\t#gallery-1 .gallery-item {\r\n\t\t\t\t\tfloat: left;\r\n\t\t\t\t\tmargin-top: 10px;\r\n\t\t\t\t\ttext-align: center;\r\n\t\t\t\t\twidth: 33%;\r\n\t\t\t\t}\r\n\t\t\t\t#gallery-1 .gallery-caption {\r\n\t\t\t\t\tmargin-left: 0;\r\n\t\t\t\t}\r\n\t\t\t<\/style><!-- see gallery_shortcode() in wp-includes\/media.php -->\r\n\t\t\t\n\t\t<div id=\"gallery-1\" class=\"gallery galleryid-2184 mfp-gallery mfp-gallery--images gallery-columns-3 gallery-size-thumbnail\"><div class=\"row zn_image_gallery \"><div class=\"col-sm-6 col-md-4 col-lg-4\"><a href=\"https:\/\/otroska-igrala.si\/2019\/wp-content\/uploads\/2020\/06\/obesalo-2.jpg\" title=\"\" class=\"hoverBorder\"><img loading=\"lazy\" decoding=\"async\" width=\"150\" height=\"150\" src=\"https:\/\/otroska-igrala.si\/2019\/wp-content\/uploads\/2020\/06\/obesalo-2-150x150.jpg\" class=\"attachment-thumbnail size-thumbnail\" alt=\"\" ids=\"2185,2186\" orderby=\"post__in\" include=\"2185,2186\" srcset=\"https:\/\/otroska-igrala.si\/2019\/wp-content\/uploads\/2020\/06\/obesalo-2-150x150.jpg 150w, https:\/\/otroska-igrala.si\/2019\/wp-content\/uploads\/2020\/06\/obesalo-2-300x300.jpg 300w, https:\/\/otroska-igrala.si\/2019\/wp-content\/uploads\/2020\/06\/obesalo-2-100x100.jpg 100w\" sizes=\"auto, (max-width: 150px) 100vw, 150px\" \/><span class=\"gallery_caption\"><\/span><\/a><\/div><div class=\"col-sm-6 col-md-4 col-lg-4\"><a href=\"https:\/\/otroska-igrala.si\/2019\/wp-content\/uploads\/2020\/06\/Unterteil_Komplett_MASSIV.jpg\" title=\"\" class=\"hoverBorder\"><img loading=\"lazy\" decoding=\"async\" width=\"150\" height=\"150\" src=\"https:\/\/otroska-igrala.si\/2019\/wp-content\/uploads\/2020\/06\/Unterteil_Komplett_MASSIV-150x150.jpg\" class=\"attachment-thumbnail size-thumbnail\" alt=\"\" ids=\"2185,2186\" orderby=\"post__in\" include=\"2185,2186\" srcset=\"https:\/\/otroska-igrala.si\/2019\/wp-content\/uploads\/2020\/06\/Unterteil_Komplett_MASSIV-150x150.jpg 150w, https:\/\/otroska-igrala.si\/2019\/wp-content\/uploads\/2020\/06\/Unterteil_Komplett_MASSIV-300x300.jpg 300w, https:\/\/otroska-igrala.si\/2019\/wp-content\/uploads\/2020\/06\/Unterteil_Komplett_MASSIV-100x100.jpg 100w\" sizes=\"auto, (max-width: 150px) 100vw, 150px\" \/><span class=\"gallery_caption\"><\/span><\/a><\/div><\/div><\/div>\n","protected":false},"excerpt":{"rendered":"<p>Obe\u0161alo je primerno tudi za sedi\u0161\u010da za javne povr\u0161ine. No voljo je razli\u010dica iz nerjave\u010dega jekla z le\u017eajem, brez vrtljive glave. Obe\u0161alo se pritrjuje na predpripravljena le\u017ei\u0161\u010da z vijakom M8 ustrezne dol\u017eine, ki ni prilo\u017een obe\u0161alu. Dimenzije: A &#8211; 15mm, B &#8211; 20 mm, C &#8211; 35 mm, D &#8211; 9 mm, E &#8211; 25<\/p>\n","protected":false},"featured_media":2185,"template":"","meta":[],"product_brand":[],"product_cat":[521],"product_tag":[],"class_list":{"0":"post-2184","1":"product","2":"type-product","3":"status-publish","4":"has-post-thumbnail","6":"product_cat-dodatki-za-gugalnice","7":"product_shipping_class-enostavni-paketi","9":"first","10":"instock","11":"taxable","12":"shipping-taxable","13":"purchasable","14":"product-type-simple","15":"prodpage-style2"},"_links":{"self":[{"href":"https:\/\/otroska-igrala.si\/2019\/wp-json\/wp\/v2\/product\/2184","targetHints":{"allow":["GET"]}}],"collection":[{"href":"https:\/\/otroska-igrala.si\/2019\/wp-json\/wp\/v2\/product"}],"about":[{"href":"https:\/\/otroska-igrala.si\/2019\/wp-json\/wp\/v2\/types\/product"}],"wp:featuredmedia":[{"embeddable":true,"href":"https:\/\/otroska-igrala.si\/2019\/wp-json\/wp\/v2\/media\/2185"}],"wp:attachment":[{"href":"https:\/\/otroska-igrala.si\/2019\/wp-json\/wp\/v2\/media?parent=2184"}],"wp:term":[{"taxonomy":"product_brand","embeddable":true,"href":"https:\/\/otroska-igrala.si\/2019\/wp-json\/wp\/v2\/product_brand?post=2184"},{"taxonomy":"product_cat","embeddable":true,"href":"https:\/\/otroska-igrala.si\/2019\/wp-json\/wp\/v2\/product_cat?post=2184"},{"taxonomy":"product_tag","embeddable":true,"href":"https:\/\/otroska-igrala.si\/2019\/wp-json\/wp\/v2\/product_tag?post=2184"}],"curies":[{"name":"wp","href":"https:\/\/api.w.org\/{rel}","templated":true}]}}