{"id":2076,"date":"2019-09-14T11:18:43","date_gmt":"2019-09-14T11:18:43","guid":{"rendered":"https:\/\/otroska-igrala.si\/2019\/?post_type=product&#038;p=2076"},"modified":"2024-02-04T09:58:31","modified_gmt":"2024-02-04T09:58:31","slug":"tobogan-hdpe","status":"publish","type":"product","link":"https:\/\/otroska-igrala.si\/2019\/izdelek\/tobogan-hdpe\/","title":{"rendered":"TOBOGAN HDPE 150"},"content":{"rendered":"<p>Tobogan je primeren za igrala za doma\u010do uporabo.<\/p>\n<ul>\n<li>Izdelan iz polietilena (HDPE)<\/li>\n<li>trdna, enodelna konstrukcija s sredinskim valom<\/li>\n<li>odporen na udarce in praske<\/li>\n<li>enostavna pritrditev na konstrukcijo<\/li>\n<li>vi\u0161ina namestitve 145 &#8211; 150 cm<\/li>\n<li>dol\u017eina drsne povr\u0161ine 265 cm<\/li>\n<li>odporen na spremenjlive vremesnke razmere<\/li>\n<li>obremenitev do 50 kg<\/li>\n<\/ul>\n<p>Izdelek primeren za doma izdelane konstukcije. Pri izdelavi doma\u010dih igral in pritrditvi tobogana bodite pozorni na varnost, \u0161e posebej pri upo\u0161tevanju minimalnih varnostnih odmikov.<\/p>\n<p>Tobogan je certificiran po standardu EN71 kot igra\u010da in se lahko izklju\u010dno uporablja na doma\u010dih igri\u0161\u010dih za lastne otroke.<\/p>\n<p>&nbsp;<\/p>\n<style type=\"text\/css\">\r\n\t\t\t\t#gallery-1 {\r\n\t\t\t\t\tmargin: auto;\r\n\t\t\t\t}\r\n\t\t\t\t#gallery-1 .gallery-item {\r\n\t\t\t\t\tfloat: left;\r\n\t\t\t\t\tmargin-top: 10px;\r\n\t\t\t\t\ttext-align: center;\r\n\t\t\t\t\twidth: 33%;\r\n\t\t\t\t}\r\n\t\t\t\t#gallery-1 .gallery-caption {\r\n\t\t\t\t\tmargin-left: 0;\r\n\t\t\t\t}\r\n\t\t\t<\/style><!-- see gallery_shortcode() in wp-includes\/media.php -->\r\n\t\t\t\n\t\t<div id=\"gallery-1\" class=\"gallery galleryid-2076 mfp-gallery mfp-gallery--images gallery-columns-3 gallery-size-full\"><div class=\"row zn_image_gallery \"><div class=\"col-sm-6 col-md-4 col-lg-4\"><a href=\"https:\/\/otroska-igrala.si\/2019\/wp-content\/uploads\/2019\/09\/934-tobogan-1.jpg\" title=\"\" class=\"hoverBorder\"><img loading=\"lazy\" decoding=\"async\" width=\"1089\" height=\"929\" src=\"https:\/\/otroska-igrala.si\/2019\/wp-content\/uploads\/2019\/09\/934-tobogan-1.jpg\" class=\"attachment-full size-full\" alt=\"\" size=\"full\" ids=\"2077,2078,2079,2080\" orderby=\"post__in\" include=\"2077,2078,2079,2080\" srcset=\"https:\/\/otroska-igrala.si\/2019\/wp-content\/uploads\/2019\/09\/934-tobogan-1.jpg 1089w, https:\/\/otroska-igrala.si\/2019\/wp-content\/uploads\/2019\/09\/934-tobogan-1-600x512.jpg 600w, https:\/\/otroska-igrala.si\/2019\/wp-content\/uploads\/2019\/09\/934-tobogan-1-300x256.jpg 300w, https:\/\/otroska-igrala.si\/2019\/wp-content\/uploads\/2019\/09\/934-tobogan-1-768x655.jpg 768w, https:\/\/otroska-igrala.si\/2019\/wp-content\/uploads\/2019\/09\/934-tobogan-1-1024x874.jpg 1024w, https:\/\/otroska-igrala.si\/2019\/wp-content\/uploads\/2019\/09\/934-tobogan-1-219x187.jpg 219w\" sizes=\"auto, (max-width: 1089px) 100vw, 1089px\" \/><span class=\"gallery_caption\"><\/span><\/a><\/div><div class=\"col-sm-6 col-md-4 col-lg-4\"><a href=\"https:\/\/otroska-igrala.si\/2019\/wp-content\/uploads\/2019\/09\/934-tobogan-hdpe-1.jpg\" title=\"\" class=\"hoverBorder\"><img loading=\"lazy\" decoding=\"async\" width=\"800\" height=\"600\" src=\"https:\/\/otroska-igrala.si\/2019\/wp-content\/uploads\/2019\/09\/934-tobogan-hdpe-1.jpg\" class=\"attachment-full size-full\" alt=\"\" size=\"full\" ids=\"2077,2078,2079,2080\" orderby=\"post__in\" include=\"2077,2078,2079,2080\" srcset=\"https:\/\/otroska-igrala.si\/2019\/wp-content\/uploads\/2019\/09\/934-tobogan-hdpe-1.jpg 800w, https:\/\/otroska-igrala.si\/2019\/wp-content\/uploads\/2019\/09\/934-tobogan-hdpe-1-600x450.jpg 600w, https:\/\/otroska-igrala.si\/2019\/wp-content\/uploads\/2019\/09\/934-tobogan-hdpe-1-300x225.jpg 300w, https:\/\/otroska-igrala.si\/2019\/wp-content\/uploads\/2019\/09\/934-tobogan-hdpe-1-768x576.jpg 768w, https:\/\/otroska-igrala.si\/2019\/wp-content\/uploads\/2019\/09\/934-tobogan-hdpe-1-249x187.jpg 249w\" sizes=\"auto, (max-width: 800px) 100vw, 800px\" \/><span class=\"gallery_caption\"><\/span><\/a><\/div><div class=\"col-sm-6 col-md-4 col-lg-4\"><a href=\"https:\/\/otroska-igrala.si\/2019\/wp-content\/uploads\/2019\/09\/934-tobogan-hdpe-2.jpg\" title=\"\" class=\"hoverBorder\"><img loading=\"lazy\" decoding=\"async\" width=\"800\" height=\"600\" src=\"https:\/\/otroska-igrala.si\/2019\/wp-content\/uploads\/2019\/09\/934-tobogan-hdpe-2.jpg\" class=\"attachment-full size-full\" alt=\"\" size=\"full\" ids=\"2077,2078,2079,2080\" orderby=\"post__in\" include=\"2077,2078,2079,2080\" srcset=\"https:\/\/otroska-igrala.si\/2019\/wp-content\/uploads\/2019\/09\/934-tobogan-hdpe-2.jpg 800w, https:\/\/otroska-igrala.si\/2019\/wp-content\/uploads\/2019\/09\/934-tobogan-hdpe-2-600x450.jpg 600w, https:\/\/otroska-igrala.si\/2019\/wp-content\/uploads\/2019\/09\/934-tobogan-hdpe-2-300x225.jpg 300w, https:\/\/otroska-igrala.si\/2019\/wp-content\/uploads\/2019\/09\/934-tobogan-hdpe-2-768x576.jpg 768w, https:\/\/otroska-igrala.si\/2019\/wp-content\/uploads\/2019\/09\/934-tobogan-hdpe-2-249x187.jpg 249w\" sizes=\"auto, (max-width: 800px) 100vw, 800px\" \/><span class=\"gallery_caption\"><\/span><\/a><\/div><\/div><div class=\"row zn_image_gallery \"><div class=\"col-sm-6 col-md-4 col-lg-4\"><a href=\"https:\/\/otroska-igrala.si\/2019\/wp-content\/uploads\/2019\/09\/934-tobogan.jpg\" title=\"\" class=\"hoverBorder\"><img loading=\"lazy\" decoding=\"async\" width=\"450\" height=\"338\" src=\"https:\/\/otroska-igrala.si\/2019\/wp-content\/uploads\/2019\/09\/934-tobogan.jpg\" class=\"attachment-full size-full\" alt=\"\" size=\"full\" ids=\"2077,2078,2079,2080\" orderby=\"post__in\" include=\"2077,2078,2079,2080\" srcset=\"https:\/\/otroska-igrala.si\/2019\/wp-content\/uploads\/2019\/09\/934-tobogan.jpg 450w, https:\/\/otroska-igrala.si\/2019\/wp-content\/uploads\/2019\/09\/934-tobogan-300x225.jpg 300w, https:\/\/otroska-igrala.si\/2019\/wp-content\/uploads\/2019\/09\/934-tobogan-249x187.jpg 249w\" sizes=\"auto, (max-width: 450px) 100vw, 450px\" \/><span class=\"gallery_caption\"><\/span><\/a><\/div><\/div><\/div>\n","protected":false},"excerpt":{"rendered":"<p>Tobogan je primeren za igrala za doma\u010do uporabo. Izdelan iz polietilena (HDPE) trdna, enodelna konstrukcija s sredinskim valom odporen na udarce in praske enostavna pritrditev na konstrukcijo vi\u0161ina namestitve 145 &#8211; 150 cm dol\u017eina drsne povr\u0161ine 265 cm odporen na spremenjlive vremesnke razmere obremenitev do 50 kg Izdelek primeren za doma izdelane konstukcije. Pri izdelavi<\/p>\n","protected":false},"featured_media":2080,"template":"","meta":[],"product_brand":[],"product_cat":[519],"product_tag":[],"class_list":{"0":"post-2076","1":"product","2":"type-product","3":"status-publish","4":"has-post-thumbnail","6":"product_cat-tobogani","7":"product_shipping_class-tobogani","9":"first","10":"instock","11":"taxable","12":"shipping-taxable","13":"purchasable","14":"product-type-simple","15":"prodpage-style2"},"_links":{"self":[{"href":"https:\/\/otroska-igrala.si\/2019\/wp-json\/wp\/v2\/product\/2076","targetHints":{"allow":["GET"]}}],"collection":[{"href":"https:\/\/otroska-igrala.si\/2019\/wp-json\/wp\/v2\/product"}],"about":[{"href":"https:\/\/otroska-igrala.si\/2019\/wp-json\/wp\/v2\/types\/product"}],"wp:featuredmedia":[{"embeddable":true,"href":"https:\/\/otroska-igrala.si\/2019\/wp-json\/wp\/v2\/media\/2080"}],"wp:attachment":[{"href":"https:\/\/otroska-igrala.si\/2019\/wp-json\/wp\/v2\/media?parent=2076"}],"wp:term":[{"taxonomy":"product_brand","embeddable":true,"href":"https:\/\/otroska-igrala.si\/2019\/wp-json\/wp\/v2\/product_brand?post=2076"},{"taxonomy":"product_cat","embeddable":true,"href":"https:\/\/otroska-igrala.si\/2019\/wp-json\/wp\/v2\/product_cat?post=2076"},{"taxonomy":"product_tag","embeddable":true,"href":"https:\/\/otroska-igrala.si\/2019\/wp-json\/wp\/v2\/product_tag?post=2076"}],"curies":[{"name":"wp","href":"https:\/\/api.w.org\/{rel}","templated":true}]}}